{"id":1949,"date":"2022-11-19T10:03:07","date_gmt":"2022-11-19T10:03:07","guid":{"rendered":"https:\/\/soccorsowp.it\/blog\/?page_id=1949"},"modified":"2025-01-14T08:15:09","modified_gmt":"2025-01-14T08:15:09","slug":"blog","status":"publish","type":"page","link":"https:\/\/soccorsowp.it\/blog\/blog\/","title":{"rendered":"Blog"},"content":{"rendered":"<h1>I nostri consigli su WordPress<\/h1>\n<p>\t\t\t\t<input placeholder=\"Scrivi cosa stai cercando\" type=\"search\" name=\"s\" title=\"Search\"><br \/>\n\t\t\t\t<button type=\"submit\" title=\"Search\" aria-label=\"Search\"><br \/>\n\t\t\t\t\t\t\t\t\t\t\t<svg aria-hidden=\"true\" viewBox=\"0 0 512 512\" xmlns=\"http:\/\/www.w3.org\/2000\/svg\"><path d=\"M505 442.7L405.3 343c-4.5-4.5-10.6-7-17-7H372c27.6-35.3 44-79.7 44-128C416 93.1 322.9 0 208 0S0 93.1 0 208s93.1 208 208 208c48.3 0 92.7-16.4 128-44v16.3c0 6.4 2.5 12.5 7 17l99.7 99.7c9.4 9.4 24.6 9.4 33.9 0l28.3-28.3c9.4-9.4 9.4-24.6.1-34zM208 336c-70.7 0-128-57.2-128-128 0-70.7 57.2-128 128-128 70.7 0 128 57.2 128 128 0 70.7-57.2 128-128 128z\"><\/path><\/svg>\t\t\t\t\t\tSearch<br \/>\n\t\t\t\t\t\t\t\t\t<\/button><br \/>\n\t\t\t<a href=\"https:\/\/soccorsowp.it\/blog\/aggiornare-manualmente-wordpress-guida-pratica-per-un-aggiornamento-sicuro\/\" title=\"Aggiornare manualmente WordPress: Guida pratica per un aggiornamento sicuro\"><br \/>\n\t\t\t\t<img loading=\"lazy\" decoding=\"async\" width=\"800\" height=\"600\" src=\"https:\/\/soccorsowp.it\/blog\/wp-content\/uploads\/2025\/01\/aggiornare-manualmente-wordpress-guida-pratica-per-un-aggiornamento-sicuro-1024x768.webp\" alt=\"aggiornare manualmente wordpress guida pratica per un aggiornamento sicuro\" \/>\t\t\t<\/a><\/p>\n<h2>\n\t\t\t\t<a href=\"https:\/\/soccorsowp.it\/blog\/aggiornare-manualmente-wordpress-guida-pratica-per-un-aggiornamento-sicuro\/\">Aggiornare manualmente WordPress: Guida pratica per un aggiornamento sicuro<\/a>\t\t\t<\/h2>\n<p>Aggiornare manualmente WordPress pu\u00f2 sembrare un\u2019operazione complessa, ma seguendo passaggi precisi \u00e8 possibile farlo in modo sicuro ed efficace. Questa &#8230;<\/p>\n<p>\t\t\t<a href=\"https:\/\/soccorsowp.it\/blog\/i-migliori-plugin-woocommerce-per-dominare-il-black-friday\/\" title=\"I Migliori Plugin WooCommerce per Dominare il Black Friday\"><br \/>\n\t\t\t\t<img loading=\"lazy\" decoding=\"async\" width=\"800\" height=\"450\" src=\"https:\/\/soccorsowp.it\/blog\/wp-content\/uploads\/2024\/11\/i-migliori-plugin-woocommerce-per-dominare-il-black-friday-1024x576.webp\" alt=\"i migliori plugin woocommerce per dominare il black friday\" \/>\t\t\t<\/a><\/p>\n<h2>\n\t\t\t\t<a href=\"https:\/\/soccorsowp.it\/blog\/i-migliori-plugin-woocommerce-per-dominare-il-black-friday\/\">I Migliori Plugin WooCommerce per Dominare il Black Friday<\/a>\t\t\t<\/h2>\n<p>Il Black Friday \u00e8 uno degli eventi di shopping pi\u00f9 attesi dell\u2019anno. Milioni di persone attendono questo giorno per approfittare &#8230;<\/p>\n<p>\t\t\t<a href=\"https:\/\/soccorsowp.it\/blog\/cleantalk-la-soluzione-anti-spam-essenziale-per-la-sicurezza-dei-tuoi-siti-web\/\" title=\"Cleantalk: La Soluzione Anti-Spam Essenziale per la Sicurezza dei Tuoi Siti Web\"><br \/>\n\t\t\t\t<img loading=\"lazy\" decoding=\"async\" width=\"800\" height=\"270\" src=\"https:\/\/soccorsowp.it\/blog\/wp-content\/uploads\/2024\/09\/cleantalk-la-soluzione-anti-spam-essenziale-per-la-sicurezza-dei-tuoi-siti-web-1024x346.webp\" alt=\"cleantalk la soluzione anti spam essenziale per la sicurezza dei tuoi siti web\" \/>\t\t\t<\/a><\/p>\n<h2>\n\t\t\t\t<a href=\"https:\/\/soccorsowp.it\/blog\/cleantalk-la-soluzione-anti-spam-essenziale-per-la-sicurezza-dei-tuoi-siti-web\/\">Cleantalk: La Soluzione Anti-Spam Essenziale per la Sicurezza dei Tuoi Siti Web<\/a>\t\t\t<\/h2>\n<p>Cleantalk: Come un Plugin Anti-Spam Rafforza la Sicurezza dei Siti Web Nel mondo della sicurezza informatica, una delle minacce pi\u00f9 &#8230;<\/p>\n<p>\t\t\t<a href=\"https:\/\/soccorsowp.it\/blog\/autoblogging-tutti-i-segreti-grazie-a-wordpress-e-chatgpt\/\" title=\"Autoblogging: Tutti i Segreti Grazie a WordPress e ChatGPT\"><br \/>\n\t\t\t\t<img loading=\"lazy\" decoding=\"async\" width=\"800\" height=\"534\" src=\"https:\/\/soccorsowp.it\/blog\/wp-content\/uploads\/2024\/05\/autoblogging-scopriamo-come-funziona-1024x683.webp\" alt=\"autoblogging scopriamo come funziona\" \/>\t\t\t<\/a><\/p>\n<h2>\n\t\t\t\t<a href=\"https:\/\/soccorsowp.it\/blog\/autoblogging-tutti-i-segreti-grazie-a-wordpress-e-chatgpt\/\">Autoblogging: Tutti i Segreti Grazie a WordPress e ChatGPT<\/a>\t\t\t<\/h2>\n<p>L&#8217;autoblogging \u00e8 una pratica che sta guadagnando sempre pi\u00f9 popolarit\u00e0 nel mondo del blogging e della creazione di contenuti. Ma &#8230;<\/p>\n<p>\t\t\t<a href=\"https:\/\/soccorsowp.it\/blog\/urge-aggiornare-il-plugin-per-proteggere-oltre-200-000-siti\/\" title=\"Urge Aggiornare il Plugin per Proteggere Oltre 200.000 Siti\"><br \/>\n\t\t\t\t<img loading=\"lazy\" decoding=\"async\" width=\"800\" height=\"663\" src=\"https:\/\/soccorsowp.it\/blog\/wp-content\/uploads\/2024\/05\/plugin-forminator-affetto-da-un-grave-problema-di-sicurezza-1024x849.webp\" alt=\"plugin forminator affetto da un grave problema di sicurezza\" \/>\t\t\t<\/a><\/p>\n<h2>\n\t\t\t\t<a href=\"https:\/\/soccorsowp.it\/blog\/urge-aggiornare-il-plugin-per-proteggere-oltre-200-000-siti\/\">Urge Aggiornare il Plugin per Proteggere Oltre 200.000 Siti<\/a>\t\t\t<\/h2>\n<p>WordPress, noto per essere la piattaforma di gestione dei contenuti pi\u00f9 utilizzata al mondo, si trova di nuovo sotto attacco. &#8230;<\/p>\n<p>\t\t\t<a href=\"https:\/\/soccorsowp.it\/blog\/come-aggiornare-manualmente-wordpress-una-guida-completa\/\" title=\"Come Aggiornare Manualmente WordPress: Una Guida Completa\"><br \/>\n\t\t\t\t<img loading=\"lazy\" decoding=\"async\" width=\"800\" height=\"471\" src=\"https:\/\/soccorsowp.it\/blog\/wp-content\/uploads\/2024\/05\/aggiornamento-wordpress-1024x603.webp\" alt=\"aggiornamento wordpress\" \/>\t\t\t<\/a><\/p>\n<h2>\n\t\t\t\t<a href=\"https:\/\/soccorsowp.it\/blog\/come-aggiornare-manualmente-wordpress-una-guida-completa\/\">Come Aggiornare Manualmente WordPress: Una Guida Completa<\/a>\t\t\t<\/h2>\n<p>Aggiornare WordPress \u00e8 fondamentale per la sicurezza, la stabilit\u00e0 e l&#8217;accesso alle nuove funzionalit\u00e0. Anche se l&#8217;aggiornamento automatico \u00e8 comodo, &#8230;<\/p>\n<p>\t\t\t<a href=\"https:\/\/soccorsowp.it\/blog\/5-consigli-per-velocizzare-il-tuo-sito-web-wordpress-da-subito\/\" title=\"5 Consigli per Velocizzare il Tuo Sito Web WordPress da Subito\"><br \/>\n\t\t\t\t<img loading=\"lazy\" decoding=\"async\" width=\"800\" height=\"450\" src=\"https:\/\/soccorsowp.it\/blog\/wp-content\/uploads\/2024\/04\/consigli-per-ottimizzare-wordpress-1024x576.webp\" alt=\"consigli per ottimizzare wordpress\" \/>\t\t\t<\/a><\/p>\n<h2>\n\t\t\t\t<a href=\"https:\/\/soccorsowp.it\/blog\/5-consigli-per-velocizzare-il-tuo-sito-web-wordpress-da-subito\/\">5 Consigli per Velocizzare il Tuo Sito Web WordPress da Subito<\/a>\t\t\t<\/h2>\n<p>Velocizzare un sito WordPress \u00e8 fondamentale non solo per migliorare l&#8217;esperienza dell&#8217;utente ma anche per ottenere un posizionamento pi\u00f9 elevato &#8230;<\/p>\n<p>\t\t\t<a href=\"https:\/\/soccorsowp.it\/blog\/bloccare-spam-e-phishing-con-i-dns\/\" title=\"Bloccare Spam e Phishing con i DNS\"><br \/>\n\t\t\t\t<img loading=\"lazy\" decoding=\"async\" width=\"800\" height=\"534\" src=\"https:\/\/soccorsowp.it\/blog\/wp-content\/uploads\/2024\/04\/bloccare-spam-e-phishing-con-i-dns-1024x683.webp\" alt=\"guida su come bloccare spam e phishing con i DNS\" \/>\t\t\t<\/a><\/p>\n<h2>\n\t\t\t\t<a href=\"https:\/\/soccorsowp.it\/blog\/bloccare-spam-e-phishing-con-i-dns\/\">Bloccare Spam e Phishing con i DNS<\/a>\t\t\t<\/h2>\n<p>Come bloccare spam e phishing con i DNS: come rafforzare la sicurezza del tuo dominio inutilizzato configurando correttamente i record &#8230;<\/p>\n<p>\t\t\t<a href=\"https:\/\/soccorsowp.it\/blog\/automattic-e-beeper-unalleanza-per-rivoluzionare-la-messaggistica\/\" title=\"Automattic e Beeper: Un&#8217;alleanza per rivoluzionare la messaggistica\"><br \/>\n\t\t\t\t<img loading=\"lazy\" decoding=\"async\" width=\"800\" height=\"451\" src=\"https:\/\/soccorsowp.it\/blog\/wp-content\/uploads\/2024\/04\/beeper-app-di-messaggistica-1024x577.webp\" alt=\"beeper app di messaggistica\" \/>\t\t\t<\/a><\/p>\n<h2>\n\t\t\t\t<a href=\"https:\/\/soccorsowp.it\/blog\/automattic-e-beeper-unalleanza-per-rivoluzionare-la-messaggistica\/\">Automattic e Beeper: Un&#8217;alleanza per rivoluzionare la messaggistica<\/a>\t\t\t<\/h2>\n<p>L&#8217;annuncio dell&#8217;acquisizione di Beeper da parte di Automattic ha scosso il panorama tecnologico, segnando un importante passo avanti nel campo &#8230;<\/p>\n<p>\t\t\t<a href=\"https:\/\/soccorsowp.it\/blog\/couponxl-coupon-wordpress\/\" title=\"CouponXL: la soluzione definitiva per siti di coupon su WordPress\"><br \/>\n\t\t\t\t<img loading=\"lazy\" decoding=\"async\" width=\"590\" height=\"300\" src=\"https:\/\/soccorsowp.it\/blog\/wp-content\/uploads\/2024\/01\/couponxl-e-un-tema-wordpress-per-la-creazione-di-coupon.webp\" alt=\"analisi del tema WordPress CouponXL\" \/>\t\t\t<\/a><\/p>\n<h2>\n\t\t\t\t<a href=\"https:\/\/soccorsowp.it\/blog\/couponxl-coupon-wordpress\/\">CouponXL: la soluzione definitiva per siti di coupon su WordPress<\/a>\t\t\t<\/h2>\n<p>ProvaloAcquistalo ora a \u20ac39Richiedi il nostro supporto Esplora come funziona CouponXL, il tema WordPress ideale per siti di coupon, offerte &#8230;<\/p>\n<p>\t\t\t<a href=\"https:\/\/soccorsowp.it\/blog\/come-funziona-heroes-assemble\/\" title=\"Plugin che presenta i membri del team: Heroes Assemble\"><br \/>\n\t\t\t\t<img loading=\"lazy\" decoding=\"async\" width=\"590\" height=\"300\" src=\"https:\/\/soccorsowp.it\/blog\/wp-content\/uploads\/2024\/01\/ecco-un-plugin-wordpress-che-presenta-i-membri-del-team.webp\" alt=\"come funziona il plugin WordPress Heroes Assemble\" \/>\t\t\t<\/a><\/p>\n<h2>\n\t\t\t\t<a href=\"https:\/\/soccorsowp.it\/blog\/come-funziona-heroes-assemble\/\">Plugin che presenta i membri del team: Heroes Assemble<\/a>\t\t\t<\/h2>\n<p> ProvaloAcquistalo ora a \u20ac18Richiedi il nostro supporto Scopri Heroes Assemble, il plugin WordPress ideale per presentare il tuo team &#8230;<\/p>\n<p>\t\t\t<a href=\"https:\/\/soccorsowp.it\/blog\/homeland-tema-wordpress-per-immobiliare-responsive\/\" title=\"Homeland &#8211; Tema WordPress per Immobiliare Responsive\"><br \/>\n\t\t\t\t<img loading=\"lazy\" decoding=\"async\" width=\"590\" height=\"300\" src=\"https:\/\/soccorsowp.it\/blog\/wp-content\/uploads\/2024\/01\/homeland-tema-wordpress-per-immobiliare-responsive.webp\" alt=\"wordpress\" \/>\t\t\t<\/a><\/p>\n<h2>\n\t\t\t\t<a href=\"https:\/\/soccorsowp.it\/blog\/homeland-tema-wordpress-per-immobiliare-responsive\/\">Homeland &#8211; Tema WordPress per Immobiliare Responsive<\/a>\t\t\t<\/h2>\n<p> ProvaloAcquistalo ora a \u20ac20Richiedi il nostro supporto Nel vasto universo del web, avere un sito che spicca per design &#8230;<\/p>\n<nav role=\"navigation\" aria-label=\"Pagination\" data-total=\"69\">\n\t\t\t\t1<br \/>\n<a href=\"https:\/\/soccorsowp.it\/blog\/wp-admin\/admin-ajax.php\/page\/2\/\">2<\/a><br \/>\n<a href=\"https:\/\/soccorsowp.it\/blog\/wp-admin\/admin-ajax.php\/page\/3\/\">3<\/a><br \/>\n<a href=\"https:\/\/soccorsowp.it\/blog\/wp-admin\/admin-ajax.php\/page\/4\/\">4<\/a><br \/>\n<a href=\"https:\/\/soccorsowp.it\/blog\/wp-admin\/admin-ajax.php\/page\/5\/\">5<\/a><br \/>\n<a href=\"https:\/\/soccorsowp.it\/blog\/wp-admin\/admin-ajax.php\/page\/6\/\">6<\/a><br \/>\n<a href=\"https:\/\/soccorsowp.it\/blog\/wp-admin\/admin-ajax.php\/page\/7\/\">7<\/a><br \/>\n<a href=\"https:\/\/soccorsowp.it\/blog\/wp-admin\/admin-ajax.php\/page\/8\/\">8<\/a><br \/>\n<a href=\"https:\/\/soccorsowp.it\/blog\/wp-admin\/admin-ajax.php\/page\/9\/\">9<\/a><br \/>\n<a href=\"https:\/\/soccorsowp.it\/blog\/wp-admin\/admin-ajax.php\/page\/10\/\">10<\/a><br \/>\n<a href=\"https:\/\/soccorsowp.it\/blog\/wp-admin\/admin-ajax.php\/page\/11\/\">11<\/a><br \/>\n<a href=\"https:\/\/soccorsowp.it\/blog\/wp-admin\/admin-ajax.php\/page\/12\/\">12<\/a><br \/>\n<a href=\"https:\/\/soccorsowp.it\/blog\/wp-admin\/admin-ajax.php\/page\/13\/\">13<\/a><br \/>\n<a href=\"https:\/\/soccorsowp.it\/blog\/wp-admin\/admin-ajax.php\/page\/14\/\">14<\/a><br \/>\n<a href=\"https:\/\/soccorsowp.it\/blog\/wp-admin\/admin-ajax.php\/page\/15\/\">15<\/a><br \/>\n<a href=\"https:\/\/soccorsowp.it\/blog\/wp-admin\/admin-ajax.php\/page\/16\/\">16<\/a><br \/>\n<a href=\"https:\/\/soccorsowp.it\/blog\/wp-admin\/admin-ajax.php\/page\/17\/\">17<\/a><br \/>\n<a href=\"https:\/\/soccorsowp.it\/blog\/wp-admin\/admin-ajax.php\/page\/18\/\">18<\/a><br \/>\n<a href=\"https:\/\/soccorsowp.it\/blog\/wp-admin\/admin-ajax.php\/page\/19\/\">19<\/a><br \/>\n<a href=\"https:\/\/soccorsowp.it\/blog\/wp-admin\/admin-ajax.php\/page\/20\/\">20<\/a><br \/>\n<a href=\"https:\/\/soccorsowp.it\/blog\/wp-admin\/admin-ajax.php\/page\/21\/\">21<\/a><br \/>\n<a href=\"https:\/\/soccorsowp.it\/blog\/wp-admin\/admin-ajax.php\/page\/22\/\">22<\/a><br \/>\n<a href=\"https:\/\/soccorsowp.it\/blog\/wp-admin\/admin-ajax.php\/page\/23\/\">23<\/a><br \/>\n<a href=\"https:\/\/soccorsowp.it\/blog\/wp-admin\/admin-ajax.php\/page\/24\/\">24<\/a><br \/>\n<a href=\"https:\/\/soccorsowp.it\/blog\/wp-admin\/admin-ajax.php\/page\/25\/\">25<\/a><br \/>\n<a href=\"https:\/\/soccorsowp.it\/blog\/wp-admin\/admin-ajax.php\/page\/26\/\">26<\/a><br \/>\n<a href=\"https:\/\/soccorsowp.it\/blog\/wp-admin\/admin-ajax.php\/page\/27\/\">27<\/a><br \/>\n<a href=\"https:\/\/soccorsowp.it\/blog\/wp-admin\/admin-ajax.php\/page\/28\/\">28<\/a><br \/>\n<a href=\"https:\/\/soccorsowp.it\/blog\/wp-admin\/admin-ajax.php\/page\/29\/\">29<\/a><br \/>\n<a href=\"https:\/\/soccorsowp.it\/blog\/wp-admin\/admin-ajax.php\/page\/30\/\">30<\/a><br \/>\n<a href=\"https:\/\/soccorsowp.it\/blog\/wp-admin\/admin-ajax.php\/page\/31\/\">31<\/a><br \/>\n<a href=\"https:\/\/soccorsowp.it\/blog\/wp-admin\/admin-ajax.php\/page\/32\/\">32<\/a><br \/>\n<a href=\"https:\/\/soccorsowp.it\/blog\/wp-admin\/admin-ajax.php\/page\/33\/\">33<\/a><br \/>\n<a href=\"https:\/\/soccorsowp.it\/blog\/wp-admin\/admin-ajax.php\/page\/34\/\">34<\/a><br \/>\n<a href=\"https:\/\/soccorsowp.it\/blog\/wp-admin\/admin-ajax.php\/page\/35\/\">35<\/a><br \/>\n<a href=\"https:\/\/soccorsowp.it\/blog\/wp-admin\/admin-ajax.php\/page\/36\/\">36<\/a><br \/>\n<a href=\"https:\/\/soccorsowp.it\/blog\/wp-admin\/admin-ajax.php\/page\/37\/\">37<\/a><br \/>\n<a href=\"https:\/\/soccorsowp.it\/blog\/wp-admin\/admin-ajax.php\/page\/38\/\">38<\/a><br \/>\n<a href=\"https:\/\/soccorsowp.it\/blog\/wp-admin\/admin-ajax.php\/page\/39\/\">39<\/a><br \/>\n<a href=\"https:\/\/soccorsowp.it\/blog\/wp-admin\/admin-ajax.php\/page\/40\/\">40<\/a><br \/>\n<a href=\"https:\/\/soccorsowp.it\/blog\/wp-admin\/admin-ajax.php\/page\/41\/\">41<\/a><br \/>\n<a href=\"https:\/\/soccorsowp.it\/blog\/wp-admin\/admin-ajax.php\/page\/42\/\">42<\/a><br \/>\n<a href=\"https:\/\/soccorsowp.it\/blog\/wp-admin\/admin-ajax.php\/page\/43\/\">43<\/a><br \/>\n<a href=\"https:\/\/soccorsowp.it\/blog\/wp-admin\/admin-ajax.php\/page\/44\/\">44<\/a><br \/>\n<a href=\"https:\/\/soccorsowp.it\/blog\/wp-admin\/admin-ajax.php\/page\/45\/\">45<\/a><br \/>\n<a href=\"https:\/\/soccorsowp.it\/blog\/wp-admin\/admin-ajax.php\/page\/46\/\">46<\/a><br \/>\n<a href=\"https:\/\/soccorsowp.it\/blog\/wp-admin\/admin-ajax.php\/page\/47\/\">47<\/a><br \/>\n<a href=\"https:\/\/soccorsowp.it\/blog\/wp-admin\/admin-ajax.php\/page\/48\/\">48<\/a><br \/>\n<a href=\"https:\/\/soccorsowp.it\/blog\/wp-admin\/admin-ajax.php\/page\/49\/\">49<\/a><br \/>\n<a href=\"https:\/\/soccorsowp.it\/blog\/wp-admin\/admin-ajax.php\/page\/50\/\">50<\/a><br \/>\n<a href=\"https:\/\/soccorsowp.it\/blog\/wp-admin\/admin-ajax.php\/page\/51\/\">51<\/a><br \/>\n<a href=\"https:\/\/soccorsowp.it\/blog\/wp-admin\/admin-ajax.php\/page\/52\/\">52<\/a><br \/>\n<a href=\"https:\/\/soccorsowp.it\/blog\/wp-admin\/admin-ajax.php\/page\/53\/\">53<\/a><br \/>\n<a href=\"https:\/\/soccorsowp.it\/blog\/wp-admin\/admin-ajax.php\/page\/54\/\">54<\/a><br \/>\n<a href=\"https:\/\/soccorsowp.it\/blog\/wp-admin\/admin-ajax.php\/page\/55\/\">55<\/a><br \/>\n<a href=\"https:\/\/soccorsowp.it\/blog\/wp-admin\/admin-ajax.php\/page\/56\/\">56<\/a><br \/>\n<a href=\"https:\/\/soccorsowp.it\/blog\/wp-admin\/admin-ajax.php\/page\/57\/\">57<\/a><br \/>\n<a href=\"https:\/\/soccorsowp.it\/blog\/wp-admin\/admin-ajax.php\/page\/58\/\">58<\/a><br \/>\n<a href=\"https:\/\/soccorsowp.it\/blog\/wp-admin\/admin-ajax.php\/page\/59\/\">59<\/a><br \/>\n<a href=\"https:\/\/soccorsowp.it\/blog\/wp-admin\/admin-ajax.php\/page\/60\/\">60<\/a><br \/>\n<a href=\"https:\/\/soccorsowp.it\/blog\/wp-admin\/admin-ajax.php\/page\/61\/\">61<\/a><br \/>\n<a href=\"https:\/\/soccorsowp.it\/blog\/wp-admin\/admin-ajax.php\/page\/62\/\">62<\/a><br \/>\n<a href=\"https:\/\/soccorsowp.it\/blog\/wp-admin\/admin-ajax.php\/page\/63\/\">63<\/a><br \/>\n<a href=\"https:\/\/soccorsowp.it\/blog\/wp-admin\/admin-ajax.php\/page\/64\/\">64<\/a><br \/>\n<a href=\"https:\/\/soccorsowp.it\/blog\/wp-admin\/admin-ajax.php\/page\/65\/\">65<\/a><br \/>\n<a href=\"https:\/\/soccorsowp.it\/blog\/wp-admin\/admin-ajax.php\/page\/66\/\">66<\/a><br \/>\n<a href=\"https:\/\/soccorsowp.it\/blog\/wp-admin\/admin-ajax.php\/page\/67\/\">67<\/a><br \/>\n<a href=\"https:\/\/soccorsowp.it\/blog\/wp-admin\/admin-ajax.php\/page\/68\/\">68<\/a><br \/>\n<a href=\"https:\/\/soccorsowp.it\/blog\/wp-admin\/admin-ajax.php\/page\/69\/\">69<\/a>\t\t\t<\/nav>\n","protected":false},"excerpt":{"rendered":"<p>I nostri consigli su WordPress Search Aggiornare manualmente WordPress: Guida pratica per un aggiornamento sicuro Aggiornare manualmente WordPress pu\u00f2 sembrare un\u2019operazione complessa, ma seguendo passaggi&#8230;<\/p>\n","protected":false},"author":1,"featured_media":0,"parent":0,"menu_order":0,"comment_status":"closed","ping_status":"closed","template":"","meta":{"_seopress_robots_primary_cat":"","_seopress_titles_title":"Soccorso WP - Blog sul WordPress e SEO","_seopress_titles_desc":"Scopri consigli e soluzioni per il tuo sito WordPress e migliorare la tua presenza online con il nostro blog dedicato a SEO e web marketing.","_seopress_robots_index":"","footnotes":""},"class_list":["post-1949","page","type-page","status-publish"],"_links":{"self":[{"href":"https:\/\/soccorsowp.it\/blog\/wp-json\/wp\/v2\/pages\/1949","targetHints":{"allow":["GET"]}}],"collection":[{"href":"https:\/\/soccorsowp.it\/blog\/wp-json\/wp\/v2\/pages"}],"about":[{"href":"https:\/\/soccorsowp.it\/blog\/wp-json\/wp\/v2\/types\/page"}],"author":[{"embeddable":true,"href":"https:\/\/soccorsowp.it\/blog\/wp-json\/wp\/v2\/users\/1"}],"replies":[{"embeddable":true,"href":"https:\/\/soccorsowp.it\/blog\/wp-json\/wp\/v2\/comments?post=1949"}],"version-history":[{"count":0,"href":"https:\/\/soccorsowp.it\/blog\/wp-json\/wp\/v2\/pages\/1949\/revisions"}],"wp:attachment":[{"href":"https:\/\/soccorsowp.it\/blog\/wp-json\/wp\/v2\/media?parent=1949"}],"curies":[{"name":"wp","href":"https:\/\/api.w.org\/{rel}","templated":true}]}}